{"id":1660,"date":"2019-12-12T08:07:50","date_gmt":"2019-12-12T08:07:50","guid":{"rendered":"https:\/\/smartdata.tonytemplates.com\/electrician\/demo-3\/?page_id=1660"},"modified":"2026-04-23T11:56:45","modified_gmt":"2026-04-23T09:56:45","slug":"trabajos-realizados","status":"publish","type":"page","link":"https:\/\/www.climadeivi.com\/es\/trabajos-realizados\/","title":{"rendered":"Trabajos realizados"},"content":{"rendered":"\t\t<div data-elementor-type=\"wp-page\" data-elementor-id=\"1660\" class=\"elementor elementor-1660\" data-elementor-post-type=\"page\">\n\t\t\t\t\t\t<section class=\"elementor-section elementor-top-section elementor-element elementor-element-9efa219 elementor-section-full_width elementor-section-stretched elementor-section-height-default elementor-section-height-default\" data-id=\"9efa219\" data-element_type=\"section\" data-e-type=\"section\" data-settings=\"{&quot;stretch_section&quot;:&quot;section-stretched&quot;}\">\n\t\t\t\t\t\t<div class=\"elementor-container elementor-column-gap-no\">\n\t\t\t\t\t<div class=\"elementor-column elementor-col-100 elementor-top-column elementor-element elementor-element-03b31fb\" data-id=\"03b31fb\" data-element_type=\"column\" data-e-type=\"column\">\n\t\t\t<div class=\"elementor-widget-wrap elementor-element-populated\">\n\t\t\t\t\t\t<div class=\"elementor-element elementor-element-a66c9a7 elementor-widget elementor-widget-headecool-gallery\" data-id=\"a66c9a7\" data-element_type=\"widget\" data-e-type=\"widget\" data-widget_type=\"headecool-gallery.default\">\n\t\t\t\t<div class=\"elementor-widget-container\">\n\t\t\t\t\t        <section class=\"block gallery_sec\">\r\n            <div class=\"container\">\r\n                <div class=\"sec-title\">\r\n                    <h4> Profesionales con m\u00e1s de 20 a\u00f1os de experiencia<\/h4>\r\n                    <h2> Trabajos realizados<\/h2>\r\n                    <p> A lo largo de nuestros m\u00e1s de 20 a\u00f1os de experiencia hemos realizado instalaciones y trabajos con aparatos de aire acondicionado y bombas de calor de todo tipo. Trabajamos con las mejores marcas del mercado, ofrecemos garant\u00eda en todos nuestros trabajos y estamos a su disposici\u00f3n para cualquier consulta que desee realizarnos. Somos instaladores oficiales de Carrefour, Leroy Merlin y Tien21. Cons\u00faltenos sin compromiso.<\/p>\r\n                <\/div><!--sec-title end-->\r\n            <\/div>\r\n            <div class=\"gallery-sec\">\r\n                <ul class=\"tabs_list\">\r\n                                                                 <li class=\"active\" data-tab=\"cooling-gallery-tab\">\r\n                                                <span class=\"tc_icon\">\r\n                                                <img decoding=\"async\" src=\"https:\/\/www.climadeivi.com\/wp-content\/uploads\/2026\/04\/aires.png\">                                            <\/span>\r\n                                            <span class=\"svs\">Instalaciones<\/span>\r\n                                        <\/li>\r\n                                                                                                                   <li data-tab=\"heating-gallery-tab\" >\r\n                                                <span class=\"svs\">Mantenimientos<\/span>\r\n                                                <span class=\"tc_icon\">\r\n                                                <img decoding=\"async\" src=\"https:\/\/www.climadeivi.com\/wp-content\/uploads\/2026\/04\/tools.png\">                                            <\/span>\r\n                                        <\/li>\r\n                                                                <\/ul><!--tabs_list end-->\r\n                        <div class=\"gallery-content\">\r\n                            <div class=\"gallery-tab active\" id=\"cooling-gallery-tab\">\r\n                                                             <div class=\"gallery-info\">\r\n                                <a href=\"https:\/\/www.climadeivi.com\/wp-content\/uploads\/2019\/12\/1.jpeg\" data-lightbox=\"roadtrip\">\r\n                                <img fetchpriority=\"high\" decoding=\"async\" width=\"368\" height=\"491\" src=\"https:\/\/www.climadeivi.com\/wp-content\/uploads\/2019\/12\/1-368x491.jpeg\" class=\"attachment-post-thumbnail size-post-thumbnail wp-post-image\" alt=\"\" srcset=\"https:\/\/www.climadeivi.com\/wp-content\/uploads\/2019\/12\/1-368x491.jpeg 368w, https:\/\/www.climadeivi.com\/wp-content\/uploads\/2019\/12\/1-225x300.jpeg 225w, https:\/\/www.climadeivi.com\/wp-content\/uploads\/2019\/12\/1-9x12.jpeg 9w, https:\/\/www.climadeivi.com\/wp-content\/uploads\/2019\/12\/1.jpeg 480w\" sizes=\"(max-width: 368px) 100vw, 368px\" \/>                                <\/a>\r\n                                <\/div><!--gallery-info end-->\r\n                                                                <div class=\"gallery-info\">\r\n                                <a href=\"https:\/\/www.climadeivi.com\/wp-content\/uploads\/2026\/04\/2.jpeg\" data-lightbox=\"roadtrip\">\r\n                                <img decoding=\"async\" width=\"368\" height=\"491\" src=\"https:\/\/www.climadeivi.com\/wp-content\/uploads\/2026\/04\/2-368x491.jpeg\" class=\"attachment-post-thumbnail size-post-thumbnail wp-post-image\" alt=\"\" srcset=\"https:\/\/www.climadeivi.com\/wp-content\/uploads\/2026\/04\/2-368x491.jpeg 368w, https:\/\/www.climadeivi.com\/wp-content\/uploads\/2026\/04\/2-225x300.jpeg 225w, https:\/\/www.climadeivi.com\/wp-content\/uploads\/2026\/04\/2-9x12.jpeg 9w, https:\/\/www.climadeivi.com\/wp-content\/uploads\/2026\/04\/2.jpeg 480w\" sizes=\"(max-width: 368px) 100vw, 368px\" \/>                                <\/a>\r\n                                <\/div><!--gallery-info end-->\r\n                                                                <div class=\"gallery-info\">\r\n                                <a href=\"https:\/\/www.climadeivi.com\/wp-content\/uploads\/2026\/04\/3.jpeg\" data-lightbox=\"roadtrip\">\r\n                                <img decoding=\"async\" width=\"368\" height=\"491\" src=\"https:\/\/www.climadeivi.com\/wp-content\/uploads\/2026\/04\/3-368x491.jpeg\" class=\"attachment-post-thumbnail size-post-thumbnail wp-post-image\" alt=\"\" srcset=\"https:\/\/www.climadeivi.com\/wp-content\/uploads\/2026\/04\/3-368x491.jpeg 368w, https:\/\/www.climadeivi.com\/wp-content\/uploads\/2026\/04\/3-225x300.jpeg 225w, https:\/\/www.climadeivi.com\/wp-content\/uploads\/2026\/04\/3-9x12.jpeg 9w, https:\/\/www.climadeivi.com\/wp-content\/uploads\/2026\/04\/3.jpeg 480w\" sizes=\"(max-width: 368px) 100vw, 368px\" \/>                                <\/a>\r\n                                <\/div><!--gallery-info end-->\r\n                                                                <div class=\"gallery-info\">\r\n                                <a href=\"https:\/\/www.climadeivi.com\/wp-content\/uploads\/2019\/12\/17.jpeg\" data-lightbox=\"roadtrip\">\r\n                                <img loading=\"lazy\" decoding=\"async\" width=\"640\" height=\"480\" src=\"https:\/\/www.climadeivi.com\/wp-content\/uploads\/2019\/12\/17.jpeg\" class=\"attachment-post-thumbnail size-post-thumbnail wp-post-image\" alt=\"\" srcset=\"https:\/\/www.climadeivi.com\/wp-content\/uploads\/2019\/12\/17.jpeg 640w, https:\/\/www.climadeivi.com\/wp-content\/uploads\/2019\/12\/17-300x225.jpeg 300w, https:\/\/www.climadeivi.com\/wp-content\/uploads\/2019\/12\/17-16x12.jpeg 16w\" sizes=\"(max-width: 640px) 100vw, 640px\" \/>                                <\/a>\r\n                                <\/div><!--gallery-info end-->\r\n                                                                <div class=\"gallery-info\">\r\n                                <a href=\"https:\/\/www.climadeivi.com\/wp-content\/uploads\/2019\/12\/16.jpeg\" data-lightbox=\"roadtrip\">\r\n                                <img loading=\"lazy\" decoding=\"async\" width=\"640\" height=\"480\" src=\"https:\/\/www.climadeivi.com\/wp-content\/uploads\/2019\/12\/16.jpeg\" class=\"attachment-post-thumbnail size-post-thumbnail wp-post-image\" alt=\"\" srcset=\"https:\/\/www.climadeivi.com\/wp-content\/uploads\/2019\/12\/16.jpeg 640w, https:\/\/www.climadeivi.com\/wp-content\/uploads\/2019\/12\/16-300x225.jpeg 300w, https:\/\/www.climadeivi.com\/wp-content\/uploads\/2019\/12\/16-16x12.jpeg 16w\" sizes=\"(max-width: 640px) 100vw, 640px\" \/>                                <\/a>\r\n                                <\/div><!--gallery-info end-->\r\n                                                                <div class=\"gallery-info\">\r\n                                <a href=\"\" data-lightbox=\"roadtrip\">\r\n                                                                <\/a>\r\n                                <\/div><!--gallery-info end-->\r\n                                                                <div class=\"gallery-info\">\r\n                                <a href=\"https:\/\/www.climadeivi.com\/wp-content\/uploads\/2019\/12\/10.jpeg\" data-lightbox=\"roadtrip\">\r\n                                <img loading=\"lazy\" decoding=\"async\" width=\"368\" height=\"491\" src=\"https:\/\/www.climadeivi.com\/wp-content\/uploads\/2019\/12\/10-368x491.jpeg\" class=\"attachment-post-thumbnail size-post-thumbnail wp-post-image\" alt=\"\" srcset=\"https:\/\/www.climadeivi.com\/wp-content\/uploads\/2019\/12\/10-368x491.jpeg 368w, https:\/\/www.climadeivi.com\/wp-content\/uploads\/2019\/12\/10-225x300.jpeg 225w, https:\/\/www.climadeivi.com\/wp-content\/uploads\/2019\/12\/10-9x12.jpeg 9w, https:\/\/www.climadeivi.com\/wp-content\/uploads\/2019\/12\/10.jpeg 480w\" sizes=\"(max-width: 368px) 100vw, 368px\" \/>                                <\/a>\r\n                                <\/div><!--gallery-info end-->\r\n                                                                <div class=\"gallery-info\">\r\n                                <a href=\"\" data-lightbox=\"roadtrip\">\r\n                                                                <\/a>\r\n                                <\/div><!--gallery-info end-->\r\n                                                                <div class=\"gallery-info\">\r\n                                <a href=\"\" data-lightbox=\"roadtrip\">\r\n                                                                <\/a>\r\n                                <\/div><!--gallery-info end-->\r\n                                \r\n                        <\/div><!--gallery-tab end-->\r\n                        <div class=\"gallery-tab\" id=\"heating-gallery-tab\">\r\n                                                      <div class=\"gallery-info\">\r\n                            <a href=\"https:\/\/www.climadeivi.com\/wp-content\/uploads\/2019\/12\/1.jpeg\" data-lightbox=\"roadtrip\">\r\n                                <img fetchpriority=\"high\" decoding=\"async\" width=\"368\" height=\"491\" src=\"https:\/\/www.climadeivi.com\/wp-content\/uploads\/2019\/12\/1-368x491.jpeg\" class=\"attachment-post-thumbnail size-post-thumbnail wp-post-image\" alt=\"\" srcset=\"https:\/\/www.climadeivi.com\/wp-content\/uploads\/2019\/12\/1-368x491.jpeg 368w, https:\/\/www.climadeivi.com\/wp-content\/uploads\/2019\/12\/1-225x300.jpeg 225w, https:\/\/www.climadeivi.com\/wp-content\/uploads\/2019\/12\/1-9x12.jpeg 9w, https:\/\/www.climadeivi.com\/wp-content\/uploads\/2019\/12\/1.jpeg 480w\" sizes=\"(max-width: 368px) 100vw, 368px\" \/>                            <\/a>\r\n                            <\/div><!--gallery-info end-->\r\n                                                <\/div><!--gallery-tab end-->\r\n                <\/div><!--tab-content end-->\r\n                <div class=\"clearfix\"><\/div>\r\n            <\/div><!--gallery-sec end-->\r\n            <div class=\"pagination\">\r\n                            <\/div>\r\n        <\/section>\r\n    \t\t\t\t<\/div>\n\t\t\t\t<\/div>\n\t\t\t\t\t<\/div>\n\t\t<\/div>\n\t\t\t\t\t<\/div>\n\t\t<\/section>\n\t\t\t\t<\/div>\n\t\t","protected":false},"excerpt":{"rendered":"<p>Profesionales con m\u00e1s de 20 a\u00f1os de experiencia Trabajos realizados A lo largo de nuestros m\u00e1s de 20 a\u00f1os de experiencia hemos realizado instalaciones y trabajos con aparatos de aire acondicionado y bombas de calor de todo tipo. Trabajamos con las mejores marcas del mercado, ofrecemos garant\u00eda en todos nuestros trabajos y estamos a su [&hellip;]<\/p>\n","protected":false},"author":1,"featured_media":0,"parent":0,"menu_order":0,"comment_status":"closed","ping_status":"closed","template":"elementor_header_footer","meta":{"footnotes":""},"class_list":["post-1660","page","type-page","status-publish","hentry"],"yoast_head":"<!-- This site is optimized with the Yoast SEO plugin v27.4 - https:\/\/yoast.com\/product\/yoast-seo-wordpress\/ -->\n<title>Trabajos realizados - ClimaDeivi<\/title>\n<meta name=\"robots\" content=\"index, follow, max-snippet:-1, max-image-preview:large, max-video-preview:-1\" \/>\n<link rel=\"canonical\" href=\"https:\/\/www.climadeivi.com\/es\/trabajos-realizados\/\" \/>\n<meta property=\"og:locale\" content=\"es_ES\" \/>\n<meta property=\"og:type\" content=\"article\" \/>\n<meta property=\"og:title\" content=\"Trabajos realizados - ClimaDeivi\" \/>\n<meta property=\"og:description\" content=\"Profesionales con m\u00e1s de 20 a\u00f1os de experiencia Trabajos realizados A lo largo de nuestros m\u00e1s de 20 a\u00f1os de experiencia hemos realizado instalaciones y trabajos con aparatos de aire acondicionado y bombas de calor de todo tipo. Trabajamos con las mejores marcas del mercado, ofrecemos garant\u00eda en todos nuestros trabajos y estamos a su [&hellip;]\" \/>\n<meta property=\"og:url\" content=\"https:\/\/www.climadeivi.com\/es\/trabajos-realizados\/\" \/>\n<meta property=\"og:site_name\" content=\"ClimaDeivi\" \/>\n<meta property=\"article:modified_time\" content=\"2026-04-23T09:56:45+00:00\" \/>\n<meta property=\"og:image\" content=\"https:\/\/www.climadeivi.com\/wp-content\/uploads\/2026\/04\/aires.png\" \/>\n<meta name=\"twitter:card\" content=\"summary_large_image\" \/>\n<meta name=\"twitter:label1\" content=\"Tiempo de lectura\" \/>\n\t<meta name=\"twitter:data1\" content=\"7 minutos\" \/>\n<script type=\"application\/ld+json\" class=\"yoast-schema-graph\">{\"@context\":\"https:\\\/\\\/schema.org\",\"@graph\":[{\"@type\":\"WebPage\",\"@id\":\"https:\\\/\\\/www.climadeivi.com\\\/trabajos-realizados\\\/\",\"url\":\"https:\\\/\\\/www.climadeivi.com\\\/trabajos-realizados\\\/\",\"name\":\"Trabajos realizados - ClimaDeivi\",\"isPartOf\":{\"@id\":\"https:\\\/\\\/www.climadeivi.com\\\/#website\"},\"primaryImageOfPage\":{\"@id\":\"https:\\\/\\\/www.climadeivi.com\\\/trabajos-realizados\\\/#primaryimage\"},\"image\":{\"@id\":\"https:\\\/\\\/www.climadeivi.com\\\/trabajos-realizados\\\/#primaryimage\"},\"thumbnailUrl\":\"https:\\\/\\\/www.climadeivi.com\\\/wp-content\\\/uploads\\\/2026\\\/04\\\/aires.png\",\"datePublished\":\"2019-12-12T08:07:50+00:00\",\"dateModified\":\"2026-04-23T09:56:45+00:00\",\"breadcrumb\":{\"@id\":\"https:\\\/\\\/www.climadeivi.com\\\/trabajos-realizados\\\/#breadcrumb\"},\"inLanguage\":\"es\",\"potentialAction\":[{\"@type\":\"ReadAction\",\"target\":[\"https:\\\/\\\/www.climadeivi.com\\\/trabajos-realizados\\\/\"]}]},{\"@type\":\"ImageObject\",\"inLanguage\":\"es\",\"@id\":\"https:\\\/\\\/www.climadeivi.com\\\/trabajos-realizados\\\/#primaryimage\",\"url\":\"https:\\\/\\\/www.climadeivi.com\\\/wp-content\\\/uploads\\\/2026\\\/04\\\/aires.png\",\"contentUrl\":\"https:\\\/\\\/www.climadeivi.com\\\/wp-content\\\/uploads\\\/2026\\\/04\\\/aires.png\"},{\"@type\":\"BreadcrumbList\",\"@id\":\"https:\\\/\\\/www.climadeivi.com\\\/trabajos-realizados\\\/#breadcrumb\",\"itemListElement\":[{\"@type\":\"ListItem\",\"position\":1,\"name\":\"Portada\",\"item\":\"https:\\\/\\\/www.climadeivi.com\\\/\"},{\"@type\":\"ListItem\",\"position\":2,\"name\":\"Trabajos realizados\"}]},{\"@type\":\"WebSite\",\"@id\":\"https:\\\/\\\/www.climadeivi.com\\\/#website\",\"url\":\"https:\\\/\\\/www.climadeivi.com\\\/\",\"name\":\"ClimaDeivi\",\"description\":\"Instalaciones de fr\u00edo y calor en Torrevieja\",\"publisher\":{\"@id\":\"https:\\\/\\\/www.climadeivi.com\\\/#organization\"},\"potentialAction\":[{\"@type\":\"SearchAction\",\"target\":{\"@type\":\"EntryPoint\",\"urlTemplate\":\"https:\\\/\\\/www.climadeivi.com\\\/?s={search_term_string}\"},\"query-input\":{\"@type\":\"PropertyValueSpecification\",\"valueRequired\":true,\"valueName\":\"search_term_string\"}}],\"inLanguage\":\"es\"},{\"@type\":\"Organization\",\"@id\":\"https:\\\/\\\/www.climadeivi.com\\\/#organization\",\"name\":\"ClimaDeivi\",\"url\":\"https:\\\/\\\/www.climadeivi.com\\\/\",\"logo\":{\"@type\":\"ImageObject\",\"inLanguage\":\"es\",\"@id\":\"https:\\\/\\\/www.climadeivi.com\\\/#\\\/schema\\\/logo\\\/image\\\/\",\"url\":\"https:\\\/\\\/www.climadeivi.com\\\/wp-content\\\/uploads\\\/2026\\\/04\\\/logo.png\",\"contentUrl\":\"https:\\\/\\\/www.climadeivi.com\\\/wp-content\\\/uploads\\\/2026\\\/04\\\/logo.png\",\"width\":1000,\"height\":250,\"caption\":\"ClimaDeivi\"},\"image\":{\"@id\":\"https:\\\/\\\/www.climadeivi.com\\\/#\\\/schema\\\/logo\\\/image\\\/\"}}]}<\/script>\n<!-- \/ Yoast SEO plugin. -->","yoast_head_json":{"title":"Trabajos realizados - ClimaDeivi","robots":{"index":"index","follow":"follow","max-snippet":"max-snippet:-1","max-image-preview":"max-image-preview:large","max-video-preview":"max-video-preview:-1"},"canonical":"https:\/\/www.climadeivi.com\/es\/trabajos-realizados\/","og_locale":"es_ES","og_type":"article","og_title":"Trabajos realizados - ClimaDeivi","og_description":"Profesionales con m\u00e1s de 20 a\u00f1os de experiencia Trabajos realizados A lo largo de nuestros m\u00e1s de 20 a\u00f1os de experiencia hemos realizado instalaciones y trabajos con aparatos de aire acondicionado y bombas de calor de todo tipo. Trabajamos con las mejores marcas del mercado, ofrecemos garant\u00eda en todos nuestros trabajos y estamos a su [&hellip;]","og_url":"https:\/\/www.climadeivi.com\/es\/trabajos-realizados\/","og_site_name":"ClimaDeivi","article_modified_time":"2026-04-23T09:56:45+00:00","og_image":[{"url":"https:\/\/www.climadeivi.com\/wp-content\/uploads\/2026\/04\/aires.png","type":"","width":"","height":""}],"twitter_card":"summary_large_image","twitter_misc":{"Tiempo de lectura":"7 minutos"},"schema":{"@context":"https:\/\/schema.org","@graph":[{"@type":"WebPage","@id":"https:\/\/www.climadeivi.com\/trabajos-realizados\/","url":"https:\/\/www.climadeivi.com\/trabajos-realizados\/","name":"Trabajos realizados - ClimaDeivi","isPartOf":{"@id":"https:\/\/www.climadeivi.com\/#website"},"primaryImageOfPage":{"@id":"https:\/\/www.climadeivi.com\/trabajos-realizados\/#primaryimage"},"image":{"@id":"https:\/\/www.climadeivi.com\/trabajos-realizados\/#primaryimage"},"thumbnailUrl":"https:\/\/www.climadeivi.com\/wp-content\/uploads\/2026\/04\/aires.png","datePublished":"2019-12-12T08:07:50+00:00","dateModified":"2026-04-23T09:56:45+00:00","breadcrumb":{"@id":"https:\/\/www.climadeivi.com\/trabajos-realizados\/#breadcrumb"},"inLanguage":"es","potentialAction":[{"@type":"ReadAction","target":["https:\/\/www.climadeivi.com\/trabajos-realizados\/"]}]},{"@type":"ImageObject","inLanguage":"es","@id":"https:\/\/www.climadeivi.com\/trabajos-realizados\/#primaryimage","url":"https:\/\/www.climadeivi.com\/wp-content\/uploads\/2026\/04\/aires.png","contentUrl":"https:\/\/www.climadeivi.com\/wp-content\/uploads\/2026\/04\/aires.png"},{"@type":"BreadcrumbList","@id":"https:\/\/www.climadeivi.com\/trabajos-realizados\/#breadcrumb","itemListElement":[{"@type":"ListItem","position":1,"name":"Portada","item":"https:\/\/www.climadeivi.com\/"},{"@type":"ListItem","position":2,"name":"Trabajos realizados"}]},{"@type":"WebSite","@id":"https:\/\/www.climadeivi.com\/#website","url":"https:\/\/www.climadeivi.com\/","name":"ClimaDeivi","description":"Instalaciones de fr\u00edo y calor en Torrevieja","publisher":{"@id":"https:\/\/www.climadeivi.com\/#organization"},"potentialAction":[{"@type":"SearchAction","target":{"@type":"EntryPoint","urlTemplate":"https:\/\/www.climadeivi.com\/?s={search_term_string}"},"query-input":{"@type":"PropertyValueSpecification","valueRequired":true,"valueName":"search_term_string"}}],"inLanguage":"es"},{"@type":"Organization","@id":"https:\/\/www.climadeivi.com\/#organization","name":"ClimaDeivi","url":"https:\/\/www.climadeivi.com\/","logo":{"@type":"ImageObject","inLanguage":"es","@id":"https:\/\/www.climadeivi.com\/#\/schema\/logo\/image\/","url":"https:\/\/www.climadeivi.com\/wp-content\/uploads\/2026\/04\/logo.png","contentUrl":"https:\/\/www.climadeivi.com\/wp-content\/uploads\/2026\/04\/logo.png","width":1000,"height":250,"caption":"ClimaDeivi"},"image":{"@id":"https:\/\/www.climadeivi.com\/#\/schema\/logo\/image\/"}}]}},"_links":{"self":[{"href":"https:\/\/www.climadeivi.com\/es\/wp-json\/wp\/v2\/pages\/1660","targetHints":{"allow":["GET"]}}],"collection":[{"href":"https:\/\/www.climadeivi.com\/es\/wp-json\/wp\/v2\/pages"}],"about":[{"href":"https:\/\/www.climadeivi.com\/es\/wp-json\/wp\/v2\/types\/page"}],"author":[{"embeddable":true,"href":"https:\/\/www.climadeivi.com\/es\/wp-json\/wp\/v2\/users\/1"}],"replies":[{"embeddable":true,"href":"https:\/\/www.climadeivi.com\/es\/wp-json\/wp\/v2\/comments?post=1660"}],"version-history":[{"count":12,"href":"https:\/\/www.climadeivi.com\/es\/wp-json\/wp\/v2\/pages\/1660\/revisions"}],"predecessor-version":[{"id":2428,"href":"https:\/\/www.climadeivi.com\/es\/wp-json\/wp\/v2\/pages\/1660\/revisions\/2428"}],"wp:attachment":[{"href":"https:\/\/www.climadeivi.com\/es\/wp-json\/wp\/v2\/media?parent=1660"}],"curies":[{"name":"wp","href":"https:\/\/api.w.org\/{rel}","templated":true}]}}