{"id":1691,"date":"2019-12-12T11:07:29","date_gmt":"2019-12-12T11:07:29","guid":{"rendered":"https:\/\/smartdata.tonytemplates.com\/electrician\/demo-3\/?page_id=1691"},"modified":"2026-04-22T12:31:06","modified_gmt":"2026-04-22T10:31:06","slug":"contacto","status":"publish","type":"page","link":"https:\/\/www.climadeivi.com\/es\/contacto\/","title":{"rendered":"Contacto"},"content":{"rendered":"\t\t<div data-elementor-type=\"wp-page\" data-elementor-id=\"1691\" class=\"elementor elementor-1691\" data-elementor-post-type=\"page\">\n\t\t\t\t\t\t<section class=\"elementor-section elementor-top-section elementor-element elementor-element-878c63d elementor-section-stretched elementor-section-full_width elementor-section-height-default elementor-section-height-default\" data-id=\"878c63d\" data-element_type=\"section\" data-e-type=\"section\" data-settings=\"{&quot;stretch_section&quot;:&quot;section-stretched&quot;}\">\n\t\t\t\t\t\t<div class=\"elementor-container elementor-column-gap-no\">\n\t\t\t\t\t<div class=\"elementor-column elementor-col-100 elementor-top-column elementor-element elementor-element-b5ace5b\" data-id=\"b5ace5b\" data-element_type=\"column\" data-e-type=\"column\">\n\t\t\t<div class=\"elementor-widget-wrap elementor-element-populated\">\n\t\t\t\t\t\t<div class=\"elementor-element elementor-element-fbc9e79 elementor-widget elementor-widget-electrician-map\" data-id=\"fbc9e79\" data-element_type=\"widget\" data-e-type=\"widget\" data-widget_type=\"electrician-map.default\">\n\t\t\t\t<div class=\"elementor-widget-container\">\n\t\t\t\t\t        <section class=\"map-full\">\r\n            <div class=\"mapouter\">\r\n                <iframe src=\"https:\/\/www.google.com\/maps\/embed?pb=!1m18!1m12!1m3!1d934.9847303048615!2d-0.6818856037094525!3d37.97943422510262!2m3!1f0!2f0!3f0!3m2!1i1024!2i768!4f13.1!3m3!1m2!1s0xd63a9fe8b52ffd1%3A0xdb0f49344faf4f8a!2sC.%20la%20Paz%2C%20140B%2C%2003181%20Torrevieja%2C%20Alicante!5e0!3m2!1ses!2ses!4v1776850375343!5m2!1ses!2ses\" width=\"600\" height=\"450\" style=\"border:0;\" allowfullscreen=\"\" loading=\"lazy\" referrerpolicy=\"no-referrer-when-downgrade\"><\/iframe> \r\n            <\/div>\r\n            <div class=\"mp_contact_info\">\r\n                <div class=\"container\">\r\n                    <div class=\"mp_contact_info_details\">\r\n                        <div class=\"row\">\r\n                                                                <div class=\"col-lg-3 col-md-3 col-sm-6 col-xs-6 full_wdth\">\r\n                                        <div class=\"cpt_info\">\r\n                                                                                <span class=\"cpt_icon\">\r\n                                    <i aria-hidden=\"true\" class=\" icon-map-marker\"><\/i> <\/span>\r\n                                                                                <div class=\"cppt\">\r\n                                                <span>Direcci\u00f3n<\/span> \t\r\n                                                <h3> Calle La Paz 140B 2<br>\n03181. Torrevieja. Alicante <\/h3>\r\n                                            <\/div>\r\n                                        <\/div><!--cpt_info end-->\r\n                                    <\/div>\r\n                                                                        <div class=\"col-lg-3 col-md-3 col-sm-6 col-xs-6 full_wdth\">\r\n                                        <div class=\"cpt_info\">\r\n                                                                                <span class=\"cpt_icon\">\r\n                                    <svg aria-hidden=\"true\" class=\"e-font-icon-svg e-far-envelope\" viewBox=\"0 0 512 512\" xmlns=\"http:\/\/www.w3.org\/2000\/svg\"><path d=\"M464 64H48C21.49 64 0 85.49 0 112v288c0 26.51 21.49 48 48 48h416c26.51 0 48-21.49 48-48V112c0-26.51-21.49-48-48-48zm0 48v40.805c-22.422 18.259-58.168 46.651-134.587 106.49-16.841 13.247-50.201 45.072-73.413 44.701-23.208.375-56.579-31.459-73.413-44.701C106.18 199.465 70.425 171.067 48 152.805V112h416zM48 400V214.398c22.914 18.251 55.409 43.862 104.938 82.646 21.857 17.205 60.134 55.186 103.062 54.955 42.717.231 80.509-37.199 103.053-54.947 49.528-38.783 82.032-64.401 104.947-82.653V400H48z\"><\/path><\/svg> <\/span>\r\n                                                                                <div class=\"cppt\">\r\n                                                <span>Correo electr\u00f3nico<\/span> \t\r\n                                                <h3> info@climadeivi.com <\/h3>\r\n                                            <\/div>\r\n                                        <\/div><!--cpt_info end-->\r\n                                    <\/div>\r\n                                                                        <div class=\"col-lg-3 col-md-3 col-sm-6 col-xs-6 full_wdth\">\r\n                                        <div class=\"cpt_info\">\r\n                                                                                <span class=\"cpt_icon\">\r\n                                    <svg aria-hidden=\"true\" class=\"e-font-icon-svg e-fas-phone\" viewBox=\"0 0 512 512\" xmlns=\"http:\/\/www.w3.org\/2000\/svg\"><path d=\"M493.4 24.6l-104-24c-11.3-2.6-22.9 3.3-27.5 13.9l-48 112c-4.2 9.8-1.4 21.3 6.9 28l60.6 49.6c-36 76.7-98.9 140.5-177.2 177.2l-49.6-60.6c-6.8-8.3-18.2-11.1-28-6.9l-112 48C3.9 366.5-2 378.1.6 389.4l24 104C27.1 504.2 36.7 512 48 512c256.1 0 464-207.5 464-464 0-11.2-7.7-20.9-18.6-23.4z\"><\/path><\/svg> <\/span>\r\n                                                                                <div class=\"cppt\">\r\n                                                <span>Tel\u00e9fono<\/span> \t\r\n                                                <h3> 677 614 535 <\/h3>\r\n                                            <\/div>\r\n                                        <\/div><!--cpt_info end-->\r\n                                    <\/div>\r\n                                                                        <div class=\"col-lg-3 col-md-3 col-sm-6 col-xs-6 full_wdth\">\r\n                                        <div class=\"cpt_info\">\r\n                                                                                <span class=\"cpt_icon\">\r\n                                    <i aria-hidden=\"true\" class=\" icon-clock\"><\/i> <\/span>\r\n                                                                                <div class=\"cppt\">\r\n                                                Horario \t\r\n                                                <h3> De Lunes a Viernes<br>\nDe 10.00 a 20.00 <\/h3>\r\n                                            <\/div>\r\n                                        <\/div><!--cpt_info end-->\r\n                                    <\/div>\r\n                                                            <\/div>\r\n                    <\/div><!--mp_contact_info_details end-->\r\n                <\/div>\r\n            <\/div><!--mp_contact_info end-->\r\n        <\/section><!--map-full end-->\r\n        \t\t\t\t<\/div>\n\t\t\t\t<\/div>\n\t\t\t\t\t<\/div>\n\t\t<\/div>\n\t\t\t\t\t<\/div>\n\t\t<\/section>\n\t\t\t\t<section class=\"elementor-section elementor-top-section elementor-element elementor-element-ee885c7 elementor-section-stretched elementor-section-boxed elementor-section-height-default elementor-section-height-default\" data-id=\"ee885c7\" data-element_type=\"section\" data-e-type=\"section\" data-settings=\"{&quot;stretch_section&quot;:&quot;section-stretched&quot;}\">\n\t\t\t\t\t\t<div class=\"elementor-container elementor-column-gap-no\">\n\t\t\t\t\t<div class=\"elementor-column elementor-col-100 elementor-top-column elementor-element elementor-element-be621dd\" data-id=\"be621dd\" data-element_type=\"column\" data-e-type=\"column\">\n\t\t\t<div class=\"elementor-widget-wrap elementor-element-populated\">\n\t\t\t\t\t\t<div class=\"elementor-element elementor-element-53be814 elementor-widget elementor-widget-heading\" data-id=\"53be814\" data-element_type=\"widget\" data-e-type=\"widget\" data-widget_type=\"heading.default\">\n\t\t\t\t\t<h3 class=\"elementor-heading-title elementor-size-default\">Pide cita ahora<\/h3>\t\t\t\t<\/div>\n\t\t\t\t<div class=\"elementor-element elementor-element-dee1406 elementor-widget elementor-widget-text-editor\" data-id=\"dee1406\" data-element_type=\"widget\" data-e-type=\"widget\" data-widget_type=\"text-editor.default\">\n\t\t\t\t\t\t\t\t\t<p>Sea cual sea su necesidad, podemos ayudarle. Somos especialistas en <b>instalaciones y mantenimiento<\/b> de sistemas de <b>aire acondicionado y calefacci\u00f3n<\/b>. Nuestra empresa lleva <b>m\u00e1s de 20 a\u00f1os<\/b> realizando todo tipo de intervenciones en Torrevieja y alrededores.<\/p>\n<p>P\u00f3ngase en contacto con nosotros a trav\u00e9s del siguiente formulario y le asesoraremos sin compromiso.<\/p>\n<h5 style=\"text-align:center;\">La garant\u00eda y calidad de una empresa l\u00edder<\/h5>\n<hr>\t\t\t\t\t\t\t\t<\/div>\n\t\t\t\t<div class=\"elementor-element elementor-element-fae2663 elementor-widget elementor-widget-wpforms\" data-id=\"fae2663\" data-element_type=\"widget\" data-e-type=\"widget\" data-widget_type=\"wpforms.default\">\n\t\t\t\t<div class=\"elementor-widget-container\">\n\t\t\t\t\t<div class=\"wpforms-container wpforms-container-full wpforms-render-modern\" id=\"wpforms-2403\"><form id=\"wpforms-form-2403\" class=\"wpforms-validate wpforms-form wpforms-ajax-form\" data-formid=\"2403\" method=\"post\" enctype=\"multipart\/form-data\" action=\"\/es\/wp-json\/wp\/v2\/pages\/1691\" data-token=\"54fadcd59d3af4e9c189c0d5e05c8c55\" data-token-time=\"1776943548\"><noscript class=\"wpforms-error-noscript\">Por favor, activa JavaScript en tu navegador para completar este formulario.<\/noscript><div id=\"wpforms-error-noscript\" style=\"display: none;\">Por favor, activa JavaScript en tu navegador para completar este formulario.<\/div><div class=\"wpforms-field-container\"><div id=\"wpforms-2403-field_1-container\" class=\"wpforms-field wpforms-field-name\" data-field-id=\"1\"><fieldset><legend class=\"wpforms-field-label\">Nombre y apellidos<\/legend><div class=\"wpforms-field-row wpforms-field-large\"><div class=\"wpforms-field-row-block wpforms-first wpforms-one-half\"><input type=\"text\" id=\"wpforms-2403-field_1\" class=\"wpforms-field-name-first\" name=\"wpforms[fields][1][first]\" placeholder=\"Introduce tu nombre\" aria-errormessage=\"wpforms-2403-field_1-error\" ><label for=\"wpforms-2403-field_1\" class=\"wpforms-field-sublabel after\">Nombre<\/label><\/div><div class=\"wpforms-field-row-block wpforms-one-half\"><input type=\"text\" id=\"wpforms-2403-field_1-last\" class=\"wpforms-field-name-last\" name=\"wpforms[fields][1][last]\" placeholder=\"Introduce tus apellidos\" aria-errormessage=\"wpforms-2403-field_1-last-error\" ><label for=\"wpforms-2403-field_1-last\" class=\"wpforms-field-sublabel after\">Apellidos<\/label><\/div><\/div><\/fieldset><\/div><div id=\"wpforms-2403-field_2-container\" class=\"wpforms-field wpforms-field-layout\" data-field-id=\"2\"><div class=\"wpforms-field-layout-rows wpforms-field-large\"><div class=\"wpforms-layout-row\"><div class=\"wpforms-layout-column wpforms-layout-column-50\"><div id=\"wpforms-2403-field_3-container\" class=\"wpforms-field wpforms-field-phone\" data-field-id=\"3\"><label class=\"wpforms-field-label\" for=\"wpforms-2403-field_3\">Tel\u00e9fono <span class=\"wpforms-required-label\" aria-hidden=\"true\">*<\/span><\/label><input type=\"tel\" id=\"wpforms-2403-field_3\" class=\"wpforms-field-medium wpforms-field-required wpforms-smart-phone-field\" data-rule-smart-phone-field=\"true\" name=\"wpforms[fields][3]\" placeholder=\"Introduce un tel\u00e9fono de contacto\" aria-label=\"Tel\u00e9fono\" aria-errormessage=\"wpforms-2403-field_3-error\" required><\/div><\/div><div class=\"wpforms-layout-column wpforms-layout-column-50\"><div id=\"wpforms-2403-field_4-container\" class=\"wpforms-field wpforms-field-email\" data-field-id=\"4\"><label class=\"wpforms-field-label\" for=\"wpforms-2403-field_4\">Correo electr\u00f3nico <span class=\"wpforms-required-label\" aria-hidden=\"true\">*<\/span><\/label><input type=\"email\" id=\"wpforms-2403-field_4\" class=\"wpforms-field-medium wpforms-field-required\" name=\"wpforms[fields][4]\" placeholder=\"Introduce un correo electr\u00f3nico de contacto\" spellcheck=\"false\" aria-errormessage=\"wpforms-2403-field_4-error\" required><\/div><\/div><\/div><\/div><\/div><div id=\"wpforms-2403-field_5-container\" class=\"wpforms-field wpforms-field-textarea\" data-field-id=\"5\"><label class=\"wpforms-field-label\" for=\"wpforms-2403-field_5\">Introduce tu pregunta <span class=\"wpforms-required-label\" aria-hidden=\"true\">*<\/span><\/label><textarea id=\"wpforms-2403-field_5\" class=\"wpforms-field-medium wpforms-field-required\" name=\"wpforms[fields][5]\" placeholder=\"Introduce tu pregunta\" aria-errormessage=\"wpforms-2403-field_5-error\" required><\/textarea><\/div>\t\t<div id=\"wpforms-2403-field_7-container\"\n\t\t\tclass=\"wpforms-field wpforms-field-text\"\n\t\t\tdata-field-type=\"text\"\n\t\t\tdata-field-id=\"7\"\n\t\t\t>\n\t\t\t<label class=\"wpforms-field-label\" for=\"wpforms-2403-field_7\" >Introduce RGPD Tel\u00e9fono<\/label>\n\t\t\t<input type=\"text\" id=\"wpforms-2403-field_7\" class=\"wpforms-field-medium\" name=\"wpforms[fields][7]\" >\n\t\t<\/div>\n\t\t<div id=\"wpforms-2403-field_6-container\" class=\"wpforms-field wpforms-field-checkbox\" data-field-id=\"6\"><fieldset><legend class=\"wpforms-field-label wpforms-label-hide\" aria-hidden=\"false\">RGPD <span class=\"wpforms-required-label\" aria-hidden=\"true\">*<\/span><\/legend><ul id=\"wpforms-2403-field_6\" class=\"wpforms-field-required\"><li class=\"choice-1 depth-1\"><input type=\"checkbox\" id=\"wpforms-2403-field_6_1\" name=\"wpforms[fields][6][]\" value=\"Acepto el tratamiento de mis datos personales conforme a lo estipulado en la &lt;a href=&quot;\/privacidad\/&quot; target=&quot;_blank&quot;&gt;Pol\u00edtica de privacidad&lt;\/a&gt; de este sitio Web.\" aria-errormessage=\"wpforms-2403-field_6_1-error\" required ><label class=\"wpforms-field-label-inline\" for=\"wpforms-2403-field_6_1\">Acepto el tratamiento de mis datos personales conforme a lo estipulado en la <a href=\"\/privacidad\/\" target=\"_blank\">Pol\u00edtica de privacidad<\/a> de este sitio Web.<\/label><\/li><\/ul><\/fieldset><\/div><script>\n\t\t\t\t( function() {\n\t\t\t\t\tconst style = document.createElement( 'style' );\n\t\t\t\t\tstyle.appendChild( document.createTextNode( '#wpforms-2403-field_7-container { position: absolute !important; overflow: hidden !important; display: inline !important; height: 1px !important; width: 1px !important; z-index: -1000 !important; padding: 0 !important; } #wpforms-2403-field_7-container input { visibility: hidden; } #wpforms-conversational-form-page #wpforms-2403-field_7-container label { counter-increment: none; }' ) );\n\t\t\t\t\tdocument.head.appendChild( style );\n\t\t\t\t\tdocument.currentScript?.remove();\n\t\t\t\t} )();\n\t\t\t<\/script><\/div><!-- .wpforms-field-container --><div class=\"wpforms-submit-container\" ><input type=\"hidden\" name=\"wpforms[id]\" value=\"2403\"><input type=\"hidden\" name=\"page_title\" value=\"\"><input type=\"hidden\" name=\"page_url\" value=\"https:\/\/www.climadeivi.com\/es\/wp-json\/wp\/v2\/pages\/1691\"><input type=\"hidden\" name=\"url_referer\" value=\"\"><button type=\"submit\" name=\"wpforms[submit]\" id=\"wpforms-submit-2403\" class=\"wpforms-submit\" data-alt-text=\"Enviando...\" data-submit-text=\"Enviar\" aria-live=\"assertive\" value=\"wpforms-submit\">Enviar<\/button><img decoding=\"async\" src=\"https:\/\/www.climadeivi.com\/wp-content\/plugins\/wpforms\/assets\/images\/submit-spin.svg\" class=\"wpforms-submit-spinner\" style=\"display: none;\" width=\"26\" height=\"26\" alt=\"Cargando\"><\/div><\/form><\/div>  <!-- .wpforms-container -->\t\t\t\t<\/div>\n\t\t\t\t<\/div>\n\t\t\t\t\t<\/div>\n\t\t<\/div>\n\t\t\t\t\t<\/div>\n\t\t<\/section>\n\t\t\t\t<\/div>\n\t\t","protected":false},"excerpt":{"rendered":"<p>Direcci\u00f3n Calle La Paz 140B 2 03181. Torrevieja. Alicante Correo electr\u00f3nico info@climadeivi.com Tel\u00e9fono 677 614 535 Horario De Lunes a Viernes De 10.00 a 20.00 Pide cita ahora Sea cual sea su necesidad, podemos ayudarle. Somos especialistas en instalaciones y mantenimiento de sistemas de aire acondicionado y calefacci\u00f3n. Nuestra empresa lleva m\u00e1s de 20 a\u00f1os [&hellip;]<\/p>\n","protected":false},"author":1,"featured_media":0,"parent":0,"menu_order":0,"comment_status":"closed","ping_status":"closed","template":"elementor_header_footer","meta":{"footnotes":""},"class_list":["post-1691","page","type-page","status-publish","hentry"],"yoast_head":"<!-- This site is optimized with the Yoast SEO plugin v27.4 - https:\/\/yoast.com\/product\/yoast-seo-wordpress\/ -->\n<title>Contacto - ClimaDeivi<\/title>\n<meta name=\"robots\" content=\"index, follow, max-snippet:-1, max-image-preview:large, max-video-preview:-1\" \/>\n<link rel=\"canonical\" href=\"https:\/\/www.climadeivi.com\/es\/contacto\/\" \/>\n<meta property=\"og:locale\" content=\"es_ES\" \/>\n<meta property=\"og:type\" content=\"article\" \/>\n<meta property=\"og:title\" content=\"Contacto - ClimaDeivi\" \/>\n<meta property=\"og:description\" content=\"Direcci\u00f3n Calle La Paz 140B 2 03181. Torrevieja. Alicante Correo electr\u00f3nico info@climadeivi.com Tel\u00e9fono 677 614 535 Horario De Lunes a Viernes De 10.00 a 20.00 Pide cita ahora Sea cual sea su necesidad, podemos ayudarle. Somos especialistas en instalaciones y mantenimiento de sistemas de aire acondicionado y calefacci\u00f3n. Nuestra empresa lleva m\u00e1s de 20 a\u00f1os [&hellip;]\" \/>\n<meta property=\"og:url\" content=\"https:\/\/www.climadeivi.com\/es\/contacto\/\" \/>\n<meta property=\"og:site_name\" content=\"ClimaDeivi\" \/>\n<meta property=\"article:modified_time\" content=\"2026-04-22T10:31:06+00:00\" \/>\n<meta property=\"og:image\" content=\"https:\/\/www.climadeivi.com\/wp-content\/plugins\/wpforms\/assets\/images\/submit-spin.svg\" \/>\n<meta name=\"twitter:card\" content=\"summary_large_image\" \/>\n<meta name=\"twitter:label1\" content=\"Tiempo de lectura\" \/>\n\t<meta name=\"twitter:data1\" content=\"1 minuto\" \/>\n<script type=\"application\/ld+json\" class=\"yoast-schema-graph\">{\"@context\":\"https:\\\/\\\/schema.org\",\"@graph\":[{\"@type\":\"WebPage\",\"@id\":\"https:\\\/\\\/www.climadeivi.com\\\/contacto\\\/\",\"url\":\"https:\\\/\\\/www.climadeivi.com\\\/contacto\\\/\",\"name\":\"Contacto - ClimaDeivi\",\"isPartOf\":{\"@id\":\"https:\\\/\\\/www.climadeivi.com\\\/#website\"},\"primaryImageOfPage\":{\"@id\":\"https:\\\/\\\/www.climadeivi.com\\\/contacto\\\/#primaryimage\"},\"image\":{\"@id\":\"https:\\\/\\\/www.climadeivi.com\\\/contacto\\\/#primaryimage\"},\"thumbnailUrl\":\"https:\\\/\\\/www.climadeivi.com\\\/wp-content\\\/plugins\\\/wpforms\\\/assets\\\/images\\\/submit-spin.svg\",\"datePublished\":\"2019-12-12T11:07:29+00:00\",\"dateModified\":\"2026-04-22T10:31:06+00:00\",\"breadcrumb\":{\"@id\":\"https:\\\/\\\/www.climadeivi.com\\\/contacto\\\/#breadcrumb\"},\"inLanguage\":\"es\",\"potentialAction\":[{\"@type\":\"ReadAction\",\"target\":[\"https:\\\/\\\/www.climadeivi.com\\\/contacto\\\/\"]}]},{\"@type\":\"ImageObject\",\"inLanguage\":\"es\",\"@id\":\"https:\\\/\\\/www.climadeivi.com\\\/contacto\\\/#primaryimage\",\"url\":\"https:\\\/\\\/www.climadeivi.com\\\/wp-content\\\/plugins\\\/wpforms\\\/assets\\\/images\\\/submit-spin.svg\",\"contentUrl\":\"https:\\\/\\\/www.climadeivi.com\\\/wp-content\\\/plugins\\\/wpforms\\\/assets\\\/images\\\/submit-spin.svg\"},{\"@type\":\"BreadcrumbList\",\"@id\":\"https:\\\/\\\/www.climadeivi.com\\\/contacto\\\/#breadcrumb\",\"itemListElement\":[{\"@type\":\"ListItem\",\"position\":1,\"name\":\"Portada\",\"item\":\"https:\\\/\\\/www.climadeivi.com\\\/\"},{\"@type\":\"ListItem\",\"position\":2,\"name\":\"Contacto\"}]},{\"@type\":\"WebSite\",\"@id\":\"https:\\\/\\\/www.climadeivi.com\\\/#website\",\"url\":\"https:\\\/\\\/www.climadeivi.com\\\/\",\"name\":\"ClimaDeivi\",\"description\":\"Instalaciones de fr\u00edo y calor en Torrevieja\",\"publisher\":{\"@id\":\"https:\\\/\\\/www.climadeivi.com\\\/#organization\"},\"potentialAction\":[{\"@type\":\"SearchAction\",\"target\":{\"@type\":\"EntryPoint\",\"urlTemplate\":\"https:\\\/\\\/www.climadeivi.com\\\/?s={search_term_string}\"},\"query-input\":{\"@type\":\"PropertyValueSpecification\",\"valueRequired\":true,\"valueName\":\"search_term_string\"}}],\"inLanguage\":\"es\"},{\"@type\":\"Organization\",\"@id\":\"https:\\\/\\\/www.climadeivi.com\\\/#organization\",\"name\":\"ClimaDeivi\",\"url\":\"https:\\\/\\\/www.climadeivi.com\\\/\",\"logo\":{\"@type\":\"ImageObject\",\"inLanguage\":\"es\",\"@id\":\"https:\\\/\\\/www.climadeivi.com\\\/#\\\/schema\\\/logo\\\/image\\\/\",\"url\":\"https:\\\/\\\/www.climadeivi.com\\\/wp-content\\\/uploads\\\/2026\\\/04\\\/logo.png\",\"contentUrl\":\"https:\\\/\\\/www.climadeivi.com\\\/wp-content\\\/uploads\\\/2026\\\/04\\\/logo.png\",\"width\":1000,\"height\":250,\"caption\":\"ClimaDeivi\"},\"image\":{\"@id\":\"https:\\\/\\\/www.climadeivi.com\\\/#\\\/schema\\\/logo\\\/image\\\/\"}}]}<\/script>\n<!-- \/ Yoast SEO plugin. -->","yoast_head_json":{"title":"Contacto - ClimaDeivi","robots":{"index":"index","follow":"follow","max-snippet":"max-snippet:-1","max-image-preview":"max-image-preview:large","max-video-preview":"max-video-preview:-1"},"canonical":"https:\/\/www.climadeivi.com\/es\/contacto\/","og_locale":"es_ES","og_type":"article","og_title":"Contacto - ClimaDeivi","og_description":"Direcci\u00f3n Calle La Paz 140B 2 03181. Torrevieja. Alicante Correo electr\u00f3nico info@climadeivi.com Tel\u00e9fono 677 614 535 Horario De Lunes a Viernes De 10.00 a 20.00 Pide cita ahora Sea cual sea su necesidad, podemos ayudarle. Somos especialistas en instalaciones y mantenimiento de sistemas de aire acondicionado y calefacci\u00f3n. Nuestra empresa lleva m\u00e1s de 20 a\u00f1os [&hellip;]","og_url":"https:\/\/www.climadeivi.com\/es\/contacto\/","og_site_name":"ClimaDeivi","article_modified_time":"2026-04-22T10:31:06+00:00","og_image":[{"url":"https:\/\/www.climadeivi.com\/wp-content\/plugins\/wpforms\/assets\/images\/submit-spin.svg","type":"","width":"","height":""}],"twitter_card":"summary_large_image","twitter_misc":{"Tiempo de lectura":"1 minuto"},"schema":{"@context":"https:\/\/schema.org","@graph":[{"@type":"WebPage","@id":"https:\/\/www.climadeivi.com\/contacto\/","url":"https:\/\/www.climadeivi.com\/contacto\/","name":"Contacto - ClimaDeivi","isPartOf":{"@id":"https:\/\/www.climadeivi.com\/#website"},"primaryImageOfPage":{"@id":"https:\/\/www.climadeivi.com\/contacto\/#primaryimage"},"image":{"@id":"https:\/\/www.climadeivi.com\/contacto\/#primaryimage"},"thumbnailUrl":"https:\/\/www.climadeivi.com\/wp-content\/plugins\/wpforms\/assets\/images\/submit-spin.svg","datePublished":"2019-12-12T11:07:29+00:00","dateModified":"2026-04-22T10:31:06+00:00","breadcrumb":{"@id":"https:\/\/www.climadeivi.com\/contacto\/#breadcrumb"},"inLanguage":"es","potentialAction":[{"@type":"ReadAction","target":["https:\/\/www.climadeivi.com\/contacto\/"]}]},{"@type":"ImageObject","inLanguage":"es","@id":"https:\/\/www.climadeivi.com\/contacto\/#primaryimage","url":"https:\/\/www.climadeivi.com\/wp-content\/plugins\/wpforms\/assets\/images\/submit-spin.svg","contentUrl":"https:\/\/www.climadeivi.com\/wp-content\/plugins\/wpforms\/assets\/images\/submit-spin.svg"},{"@type":"BreadcrumbList","@id":"https:\/\/www.climadeivi.com\/contacto\/#breadcrumb","itemListElement":[{"@type":"ListItem","position":1,"name":"Portada","item":"https:\/\/www.climadeivi.com\/"},{"@type":"ListItem","position":2,"name":"Contacto"}]},{"@type":"WebSite","@id":"https:\/\/www.climadeivi.com\/#website","url":"https:\/\/www.climadeivi.com\/","name":"ClimaDeivi","description":"Instalaciones de fr\u00edo y calor en Torrevieja","publisher":{"@id":"https:\/\/www.climadeivi.com\/#organization"},"potentialAction":[{"@type":"SearchAction","target":{"@type":"EntryPoint","urlTemplate":"https:\/\/www.climadeivi.com\/?s={search_term_string}"},"query-input":{"@type":"PropertyValueSpecification","valueRequired":true,"valueName":"search_term_string"}}],"inLanguage":"es"},{"@type":"Organization","@id":"https:\/\/www.climadeivi.com\/#organization","name":"ClimaDeivi","url":"https:\/\/www.climadeivi.com\/","logo":{"@type":"ImageObject","inLanguage":"es","@id":"https:\/\/www.climadeivi.com\/#\/schema\/logo\/image\/","url":"https:\/\/www.climadeivi.com\/wp-content\/uploads\/2026\/04\/logo.png","contentUrl":"https:\/\/www.climadeivi.com\/wp-content\/uploads\/2026\/04\/logo.png","width":1000,"height":250,"caption":"ClimaDeivi"},"image":{"@id":"https:\/\/www.climadeivi.com\/#\/schema\/logo\/image\/"}}]}},"_links":{"self":[{"href":"https:\/\/www.climadeivi.com\/es\/wp-json\/wp\/v2\/pages\/1691","targetHints":{"allow":["GET"]}}],"collection":[{"href":"https:\/\/www.climadeivi.com\/es\/wp-json\/wp\/v2\/pages"}],"about":[{"href":"https:\/\/www.climadeivi.com\/es\/wp-json\/wp\/v2\/types\/page"}],"author":[{"embeddable":true,"href":"https:\/\/www.climadeivi.com\/es\/wp-json\/wp\/v2\/users\/1"}],"replies":[{"embeddable":true,"href":"https:\/\/www.climadeivi.com\/es\/wp-json\/wp\/v2\/comments?post=1691"}],"version-history":[{"count":10,"href":"https:\/\/www.climadeivi.com\/es\/wp-json\/wp\/v2\/pages\/1691\/revisions"}],"predecessor-version":[{"id":2410,"href":"https:\/\/www.climadeivi.com\/es\/wp-json\/wp\/v2\/pages\/1691\/revisions\/2410"}],"wp:attachment":[{"href":"https:\/\/www.climadeivi.com\/es\/wp-json\/wp\/v2\/media?parent=1691"}],"curies":[{"name":"wp","href":"https:\/\/api.w.org\/{rel}","templated":true}]}}